{"id":1441,"date":"2022-08-19T16:12:59","date_gmt":"2022-08-19T16:12:59","guid":{"rendered":"https:\/\/webelongtotheland.org\/index.php\/who-we-are\/"},"modified":"2023-03-29T15:09:36","modified_gmt":"2023-03-29T15:09:36","slug":"qui-nous-sommes","status":"publish","type":"page","link":"https:\/\/webelongtotheland.org\/fr\/index.php\/qui-nous-sommes\/","title":{"rendered":"Qui nous sommes"},"content":{"rendered":"[vc_row type=&#8221;full_width_background&#8221; full_screen_row_position=&#8221;middle&#8221; column_margin=&#8221;default&#8221; column_direction=&#8221;default&#8221; column_direction_tablet=&#8221;default&#8221; column_direction_phone=&#8221;default&#8221; bg_color=&#8221;#f5f4ed&#8221; scene_position=&#8221;center&#8221; top_padding=&#8221;5%&#8221; text_color=&#8221;dark&#8221; text_align=&#8221;left&#8221; row_border_radius=&#8221;none&#8221; row_border_radius_applies=&#8221;bg&#8221; overflow=&#8221;visible&#8221; overlay_strength=&#8221;0.3&#8243; gradient_direction=&#8221;left_to_right&#8221; shape_divider_position=&#8221;bottom&#8221; bg_image_animation=&#8221;none&#8221; image_bg=&#8221;https:\/\/source.unsplash.com\/collection\/310797\/daily&#8221; gradient_type=&#8221;default&#8221; shape_type=&#8221;&#8221;][vc_column column_padding=&#8221;padding-1-percent&#8221; column_padding_tablet=&#8221;inherit&#8221; column_padding_phone=&#8221;inherit&#8221; column_padding_position=&#8221;all&#8221; column_element_direction_desktop=&#8221;default&#8221; column_element_spacing=&#8221;default&#8221; desktop_text_alignment=&#8221;default&#8221; tablet_text_alignment=&#8221;default&#8221; phone_text_alignment=&#8221;default&#8221; background_color_opacity=&#8221;1&#8243; background_hover_color_opacity=&#8221;1&#8243; column_backdrop_filter=&#8221;none&#8221; column_shadow=&#8221;none&#8221; column_border_radius=&#8221;none&#8221; column_link_target=&#8221;_self&#8221; column_position=&#8221;default&#8221; gradient_direction=&#8221;left_to_right&#8221; overlay_strength=&#8221;0.3&#8243; width=&#8221;1\/1&#8243; tablet_width_inherit=&#8221;default&#8221; animation_type=&#8221;default&#8221; bg_image_animation=&#8221;none&#8221; border_type=&#8221;simple&#8221; column_border_width=&#8221;none&#8221; column_border_style=&#8221;solid&#8221;][nectar_highlighted_text color_type=&#8221;gradient&#8221; highlight_color=&#8221;#93dd44&#8243; secondary_color=&#8221;rgba(255,255,255,0.01)&#8221; text_color=&#8221;#000000&#8243; style=&#8221;half_text&#8221; custom_font_size=&#8221;8vh&#8221;]\n<h2><em>Qui nous sommes<\/em><\/h2>\n[\/nectar_highlighted_text][\/vc_column][\/vc_row][vc_row type=&#8221;full_width_background&#8221; full_screen_row_position=&#8221;middle&#8221; column_margin=&#8221;default&#8221; column_direction=&#8221;default&#8221; column_direction_tablet=&#8221;default&#8221; column_direction_phone=&#8221;default&#8221; bg_color=&#8221;rgba(249,249,249,0.01)&#8221; scene_position=&#8221;center&#8221; bottom_padding=&#8221;4%&#8221; text_color=&#8221;dark&#8221; text_align=&#8221;left&#8221; row_border_radius=&#8221;none&#8221; row_border_radius_applies=&#8221;bg&#8221; overflow=&#8221;visible&#8221; overlay_strength=&#8221;0.3&#8243; gradient_direction=&#8221;left_to_right&#8221; shape_divider_position=&#8221;bottom&#8221; bg_image_animation=&#8221;none&#8221; gradient_type=&#8221;default&#8221; shape_type=&#8221;&#8221;][vc_column column_padding=&#8221;padding-1-percent&#8221; column_padding_tablet=&#8221;inherit&#8221; column_padding_phone=&#8221;inherit&#8221; column_padding_position=&#8221;all&#8221; column_element_direction_desktop=&#8221;default&#8221; column_element_spacing=&#8221;default&#8221; desktop_text_alignment=&#8221;default&#8221; tablet_text_alignment=&#8221;default&#8221; phone_text_alignment=&#8221;default&#8221; background_color_opacity=&#8221;1&#8243; background_hover_color_opacity=&#8221;1&#8243; column_backdrop_filter=&#8221;none&#8221; column_shadow=&#8221;none&#8221; column_border_radius=&#8221;none&#8221; column_link_target=&#8221;_self&#8221; column_position=&#8221;default&#8221; gradient_direction=&#8221;left_to_right&#8221; overlay_strength=&#8221;0.3&#8243; width=&#8221;1\/3&#8243; tablet_width_inherit=&#8221;default&#8221; animation_type=&#8221;default&#8221; bg_image_animation=&#8221;none&#8221; border_type=&#8221;simple&#8221; column_border_width=&#8221;none&#8221; column_border_style=&#8221;solid&#8221;][vc_column_text]\n<div class=\"wpb_text_column wpb_content_element vc_custom_1572345984139 custom-post-pre-section-content-title post-formatting \">\n<div class=\"wpb_wrapper\">\n<p style=\"text-align: left;\">La d\u00e9claration et la campagne internationales &#8220;<a href=\"https:\/\/www.foodsovereignty.org\/wp-content\/uploads\/2022\/05\/FR_Nous-appartenons-a-la-terre_Declaration_10ansDGF-1.pdf\">Nous appartenons \u00e0 la Terre<\/a>&#8221; ont \u00e9t\u00e9 initi\u00e9es par le Groupe de travail sur la Terre, les for\u00eats, l&#8217;eau et le territoire du Comit\u00e9 International de Planification pour la Souverainet\u00e9 Alimentaire (CIP). Notre objectif est de placer la distribution \u00e9quitable de la terre et des ressources naturelles au centre des politiques publiques.<\/p>\n<p style=\"text-align: left;\">Le <a href=\"https:\/\/www.foodsovereignty.org\/fr\/\">Comit\u00e9 international de planification pour la souverainet\u00e9 alimentaire<\/a> (IPC) est une plateforme mondiale autonome et autog\u00e9r\u00e9e d&#8217;organisations de petits producteurs et productrices de denr\u00e9es alimentaires et de peuples autochtones qui coordonnent leur lutte pour la souverainet\u00e9 alimentaire.<\/p>\n<p style=\"text-align: left;\">Au sein du CIP, le <a href=\"https:\/\/www.foodsovereignty.org\/fr\/working_groups\/land-forests-water-and-territory\/\">groupe de travail du CIP sur la Terre, les for\u00eats, l&#8217;eau et le territoire<\/a> est un espace de coordination et de convergence des mouvements sociaux et des organisations de peuples autochtones qui se consacrent \u00e0 la d\u00e9fense de leurs territoires et \u00e0 la promotion du droit \u00e0 la terre. Dans le cadre de ses activit\u00e9s, le groupe de travail a coordonn\u00e9 la participation des mouvements sociaux et des peuples autochtones au processus d&#8217;\u00e9laboration et de mise en \u0153uvre des Directives pour une gouvernance responsable des r\u00e9gimes fonciers applicables aux terres, aux p\u00eaches et aux for\u00eats (Directives sur les r\u00e9gimes fonciers), entre autres actions.<\/p>\n<p style=\"text-align: left;\">\n<\/div>\n<\/div>\n[\/vc_column_text][\/vc_column][vc_column column_padding=&#8221;padding-1-percent&#8221; column_padding_tablet=&#8221;inherit&#8221; column_padding_phone=&#8221;inherit&#8221; column_padding_position=&#8221;all&#8221; column_element_direction_desktop=&#8221;default&#8221; column_element_spacing=&#8221;default&#8221; desktop_text_alignment=&#8221;default&#8221; tablet_text_alignment=&#8221;default&#8221; phone_text_alignment=&#8221;default&#8221; background_color_opacity=&#8221;1&#8243; background_hover_color_opacity=&#8221;1&#8243; column_backdrop_filter=&#8221;none&#8221; column_shadow=&#8221;none&#8221; column_border_radius=&#8221;none&#8221; column_link_target=&#8221;_self&#8221; column_position=&#8221;default&#8221; gradient_direction=&#8221;left_to_right&#8221; overlay_strength=&#8221;0.3&#8243; width=&#8221;1\/3&#8243; tablet_width_inherit=&#8221;default&#8221; animation_type=&#8221;default&#8221; bg_image_animation=&#8221;none&#8221; border_type=&#8221;simple&#8221; column_border_width=&#8221;none&#8221; column_border_style=&#8221;solid&#8221;][vc_column_text]\n<p style=\"text-align: left;\"><strong>Quels sont les principes du Groupe de travail du CIP+ sur les Terres, les for\u00eats, l&#8217;eau et le territoire ?<\/strong><\/p>\n<p>\u279c L\u2019autonomie et l\u2019autogestion des mouvements sociaux et des organisations de peuples autochtones en tant qu\u2019organisations repr\u00e9sentant les d\u00e9tenteurs et d\u00e9tentrices de droits<\/p>\n<p>\u279c La formulation et l\u2019articulation de nos positions politiques avec notre propre voix, et sans interm\u00e9diaire<\/p>\n<p>\u279c La repr\u00e9sentation des diff\u00e9rents secteurs des producteurs et productrices de denr\u00e9es alimentaires<\/p>\n<p>\u279c Le respect et la promotion des droits des femmes<\/p>\n<p>\u279c La repr\u00e9sentation des diff\u00e9rentes r\u00e9gions du monde<\/p>\n<p>\u279c La repr\u00e9sentation des jeunes[\/vc_column_text][\/vc_column][vc_column column_padding=&#8221;padding-1-percent&#8221; column_padding_tablet=&#8221;inherit&#8221; column_padding_phone=&#8221;inherit&#8221; column_padding_position=&#8221;all&#8221; column_element_direction_desktop=&#8221;default&#8221; column_element_spacing=&#8221;default&#8221; desktop_text_alignment=&#8221;default&#8221; tablet_text_alignment=&#8221;default&#8221; phone_text_alignment=&#8221;default&#8221; background_color_opacity=&#8221;1&#8243; background_hover_color_opacity=&#8221;1&#8243; column_backdrop_filter=&#8221;none&#8221; column_shadow=&#8221;none&#8221; column_border_radius=&#8221;none&#8221; column_link_target=&#8221;_self&#8221; column_position=&#8221;default&#8221; gradient_direction=&#8221;left_to_right&#8221; overlay_strength=&#8221;0.3&#8243; width=&#8221;1\/3&#8243; tablet_width_inherit=&#8221;default&#8221; animation_type=&#8221;default&#8221; bg_image_animation=&#8221;none&#8221; border_type=&#8221;simple&#8221; column_border_width=&#8221;none&#8221; column_border_style=&#8221;solid&#8221;][image_with_animation image_url=&#8221;1936&#8243; image_size=&#8221;medium&#8221; animation_type=&#8221;entrance&#8221; animation=&#8221;None&#8221; animation_movement_type=&#8221;transform_y&#8221; hover_animation=&#8221;none&#8221; alignment=&#8221;&#8221; border_radius=&#8221;none&#8221; box_shadow=&#8221;none&#8221; image_loading=&#8221;default&#8221; max_width=&#8221;100%&#8221; max_width_mobile=&#8221;default&#8221;][divider line_type=&#8221;No Line&#8221; custom_height=&#8221;30&#8243;][nectar_highlighted_text color_type=&#8221;gradient&#8221; highlight_color=&#8221;#93dd44&#8243; text_color=&#8221;#236053&#8243; style=&#8221;regular_underline&#8221; highlight_expansion=&#8221;default&#8221; underline_thickness=&#8221;default&#8221;]<em>Institution<\/em><\/p>\n<p><a href=\"https:\/\/www.foodsovereignty.org\/fr\/le-cip\/\">Comit\u00e9 international de planification pour la souverainet\u00e9 alimentaire (CIP)<\/a>[\/nectar_highlighted_text][nectar_highlighted_text color_type=&#8221;gradient&#8221; highlight_color=&#8221;#93dd44&#8243; text_color=&#8221;#236053&#8243; style=&#8221;regular_underline&#8221; highlight_expansion=&#8221;default&#8221; underline_thickness=&#8221;default&#8221;]<em>Groupe de travail<\/em><\/p>\n<p class=\"p1\"><a href=\"https:\/\/www.foodsovereignty.org\/fr\/working_groups\/land-forests-water-and-territory\/\">Terres, for\u00eats, eau et territoires<\/a><\/p>\n[\/nectar_highlighted_text][nectar_highlighted_text color_type=&#8221;gradient&#8221; highlight_color=&#8221;#93dd44&#8243; text_color=&#8221;#236053&#8243; style=&#8221;regular_underline&#8221; highlight_expansion=&#8221;default&#8221; underline_thickness=&#8221;default&#8221;]<em>Coordination<\/em><\/p>\n<p>Nury Mart\u00ednez \u2013 <a href=\"https:\/\/viacampesina.org\/fr\/\">La Via Campesina <\/a>(FENSUAGRO, Colombia)<\/p>\n<p>Sa\u00fal Vicente V\u00e1zquez \u2013 <a href=\"https:\/\/www.iitc.org\/\">Conseil international des trait\u00e9s indiens<\/a> (Unidad de la Fuerza Ind\u00edgena, Mexico)[\/nectar_highlighted_text][nectar_highlighted_text color_type=&#8221;gradient&#8221; highlight_color=&#8221;#93dd44&#8243; text_color=&#8221;#236053&#8243; style=&#8221;regular_underline&#8221; highlight_expansion=&#8221;default&#8221; underline_thickness=&#8221;default&#8221;]<em>Facilitation<\/em><\/p>\n<div class=\"wpb_text_column wpb_content_element vc_custom_1623938302518 custom-post-section-content-title post-formatting \">\n<div class=\"wpb_wrapper\">\n<p>Philip Seufert \u2013 <a href=\"https:\/\/www.fian.org\/fr\/\">FIAN International<\/a><\/p>\n<\/div>\n<\/div>\n[\/nectar_highlighted_text][divider line_type=&#8221;No Line&#8221; custom_height=&#8221;30&#8243;][\/vc_column][\/vc_row]\n","protected":false},"excerpt":{"rendered":"<p>[vc_row type=&#8221;full_width_background&#8221; full_screen_row_position=&#8221;middle&#8221; column_margin=&#8221;default&#8221; column_direction=&#8221;default&#8221; column_direction_tablet=&#8221;default&#8221; column_direction_phone=&#8221;default&#8221; bg_color=&#8221;#f5f4ed&#8221; scene_position=&#8221;center&#8221; top_padding=&#8221;5%&#8221; text_color=&#8221;dark&#8221; text_align=&#8221;left&#8221; row_border_radius=&#8221;none&#8221; row_border_radius_applies=&#8221;bg&#8221; overflow=&#8221;visible&#8221; overlay_strength=&#8221;0.3&#8243; gradient_direction=&#8221;left_to_right&#8221; shape_divider_position=&#8221;bottom&#8221; bg_image_animation=&#8221;none&#8221; image_bg=&#8221;https:\/\/source.unsplash.com\/collection\/310797\/daily&#8221; gradient_type=&#8221;default&#8221; shape_type=&#8221;&#8221;][vc_column column_padding=&#8221;padding-1-percent&#8221; column_padding_tablet=&#8221;inherit&#8221; column_padding_phone=&#8221;inherit&#8221; column_padding_position=&#8221;all&#8221; column_element_direction_desktop=&#8221;default&#8221; column_element_spacing=&#8221;default&#8221; desktop_text_alignment=&#8221;default&#8221; tablet_text_alignment=&#8221;default&#8221;&#8230;<\/p>\n","protected":false},"author":1,"featured_media":0,"parent":0,"menu_order":0,"comment_status":"closed","ping_status":"closed","template":"","meta":{"om_disable_all_campaigns":false,"inline_featured_image":false,"_monsterinsights_skip_tracking":false,"_monsterinsights_sitenote_active":false,"_monsterinsights_sitenote_note":"","_monsterinsights_sitenote_category":0,"footnotes":""},"class_list":["post-1441","page","type-page","status-publish"],"aioseo_notices":[],"_links":{"self":[{"href":"https:\/\/webelongtotheland.org\/fr\/index.php\/wp-json\/wp\/v2\/pages\/1441","targetHints":{"allow":["GET"]}}],"collection":[{"href":"https:\/\/webelongtotheland.org\/fr\/index.php\/wp-json\/wp\/v2\/pages"}],"about":[{"href":"https:\/\/webelongtotheland.org\/fr\/index.php\/wp-json\/wp\/v2\/types\/page"}],"author":[{"embeddable":true,"href":"https:\/\/webelongtotheland.org\/fr\/index.php\/wp-json\/wp\/v2\/users\/1"}],"replies":[{"embeddable":true,"href":"https:\/\/webelongtotheland.org\/fr\/index.php\/wp-json\/wp\/v2\/comments?post=1441"}],"version-history":[{"count":17,"href":"https:\/\/webelongtotheland.org\/fr\/index.php\/wp-json\/wp\/v2\/pages\/1441\/revisions"}],"predecessor-version":[{"id":1962,"href":"https:\/\/webelongtotheland.org\/fr\/index.php\/wp-json\/wp\/v2\/pages\/1441\/revisions\/1962"}],"wp:attachment":[{"href":"https:\/\/webelongtotheland.org\/fr\/index.php\/wp-json\/wp\/v2\/media?parent=1441"}],"curies":[{"name":"wp","href":"https:\/\/api.w.org\/{rel}","templated":true}]}}